{"id":683,"date":"2025-05-05T19:50:46","date_gmt":"2025-05-05T19:50:46","guid":{"rendered":"https:\/\/alanyakonteyner.com\/dienstleistungen\/ozel-yasam-alani-kurulumu\/"},"modified":"2025-05-11T20:56:56","modified_gmt":"2025-05-11T20:56:56","slug":"individuelle-wohncontainer","status":"publish","type":"page","link":"https:\/\/alanyakonteyner.com\/de\/dienstleistungen\/individuelle-wohncontainer\/","title":{"rendered":"Individuelle Wohncontainer"},"content":{"rendered":"\n\n\t<section class=\"section\" id=\"section_1774581263\">\n\t\t<div class=\"section-bg fill\" >\n\t\t\t\t\t\t\t\t\t\n\t\t\t\n\n\t\t<\/div>\n\n\t\t\n\n\t\t<div class=\"section-content relative\">\n\t\t\t\n\n\n  <div class=\"banner has-hover has-parallax\" id=\"banner-11804946\">\n          <div class=\"banner-inner fill\">\n        <div class=\"banner-bg fill\" data-parallax=\"-7\" data-parallax-container=\".banner\" data-parallax-background>\n            <img loading=\"lazy\" decoding=\"async\" width=\"1750\" height=\"1080\" src=\"https:\/\/alanyakonteyner.com\/wp-content\/uploads\/2025\/05\/Ozel-Yasam-Alani-Kurulumu-Alanya-Konteyner.webp\" class=\"bg attachment-original size-original\" alt=\"\u00d6zel Ya\u015fam Alan\u0131 Kurulumu - Alanya Konteyner\" \/>                        <div class=\"overlay\"><\/div>            \n                    <\/div>\n\t\t\n        <div class=\"banner-layers container\">\n            <div class=\"fill banner-link\"><\/div>            \n\n   <div id=\"text-box-641987238\" class=\"text-box banner-layer x50 md-x50 lg-x50 y50 md-y50 lg-y50 res-text\">\n                                <div class=\"text-box-content text dark\">\n              \n              <div class=\"text-inner text-center\">\n                  \n\n\t<div id=\"text-3539740474\" class=\"text\">\n\t\t\n\n<h1>Individuelle Wohncontainer<\/h1>\n\n\t\t\n<style>\n#text-3539740474 {\n  font-size: 0.75rem;\n}\n<\/style>\n\t<\/div>\n\t\n\n\n<nav aria-label=\"breadcrumbs\" class=\"rank-math-breadcrumb\"><p><\/p><\/nav>\n\n\n              <\/div>\n           <\/div>\n                            \n<style>\n#text-box-641987238 {\n  width: 100%;\n}\n#text-box-641987238 .text-box-content {\n  font-size: 100%;\n}\n@media (min-width:550px) {\n  #text-box-641987238 {\n    width: 98%;\n  }\n}\n@media (min-width:850px) {\n  #text-box-641987238 {\n    width: 100%;\n  }\n}\n<\/style>\n    <\/div>\n \n\n        <\/div>\n      <\/div>\n\n            \n<style>\n#banner-11804946 {\n  padding-top: 203px;\n}\n#banner-11804946 .overlay {\n  background-color: rgba(0,0,0,.5);\n}\n#banner-11804946 .banner-bg img {\n  object-position: 58% 69%;\n}\n@media (min-width:550px) {\n  #banner-11804946 {\n    padding-top: 383px;\n  }\n}\n@media (min-width:850px) {\n  #banner-11804946 {\n    padding-top: 500px;\n  }\n}\n<\/style>\n  <\/div>\n\n\n\n\t\t<\/div>\n\n\t\t\n<style>\n#section_1774581263 {\n  padding-top: 0px;\n  padding-bottom: 0px;\n}\n<\/style>\n\t<\/section>\n\t\n\n\t<section class=\"section\" id=\"section_925366401\">\n\t\t<div class=\"section-bg fill\" >\n\t\t\t\t\t\t\t\t\t\n\t\t\t\n\n\t\t<\/div>\n\n\t\t\n\n\t\t<div class=\"section-content relative\">\n\t\t\t\n\n<div class=\"row\"  id=\"row-1341109635\">\n\n\n\t<div id=\"col-1936611767\" class=\"col small-12 large-12\"  >\n\t\t\t\t<div class=\"col-inner\"  >\n\t\t\t\n\t\t\t\n\n<p class=\"\" data-start=\"1111\" data-end=\"1556\">Wir beschr\u00e4nken Ihren Traumwohnraum nicht auf Standardmodelle \u2013 wir entwickeln L\u00f6sungen, die auf Ihren Stil, Ihre Erwartungen und Ihren Verwendungszweck zugeschnitten sind. Von Steinoptik \u00fcber Holzverkleidung bis hin zu modernen Linien oder rustikalen Tiny-House-Designs \u2013 wir setzen viele Alternativen individuell f\u00fcr Sie um. Ob kompakte Einrauml\u00f6sung oder mehrteilige Wohneinheit \u2013 jedes Projekt wird nach Ihren W\u00fcnschen geplant und gefertigt.<\/p>\n<p class=\"\" data-start=\"1558\" data-end=\"2019\">Egal ob Wohnhaus, G\u00e4stehaus, Sommerdomizil oder R\u00fcckzugsort in der Natur \u2013 wir schaffen Lebensr\u00e4ume, die \u00c4sthetik und Funktionalit\u00e4t vereinen. Hochisolierende Sandwichpaneelsysteme, hochwertige Innenausstattung und mobile Baukonzepte bieten Ihnen nicht nur Komfort, sondern auch ein nachhaltiges Wohngef\u00fchl. F\u00fcr alle in Alanya und Umgebung, die ihren eigenen Lebensraum gestalten m\u00f6chten, sind wir mit sicheren, \u00e4sthetischen und langlebigen L\u00f6sungen zur Stelle.<\/p>\n\n\t\t<\/div>\n\t\t\t\t\t<\/div>\n\n\t\n\n<\/div>\n\n\t\t<\/div>\n\n\t\t\n<style>\n#section_925366401 {\n  padding-top: 30px;\n  padding-bottom: 30px;\n}\n<\/style>\n\t<\/section>\n\t\n\n","protected":false},"excerpt":{"rendered":"","protected":false},"author":2,"featured_media":623,"parent":665,"menu_order":2,"comment_status":"closed","ping_status":"closed","template":"page-blank.php","meta":{"_joinchat":[],"footnotes":""},"class_list":["post-683","page","type-page","status-publish","has-post-thumbnail","hentry"],"_links":{"self":[{"href":"https:\/\/alanyakonteyner.com\/de\/wp-json\/wp\/v2\/pages\/683","targetHints":{"allow":["GET"]}}],"collection":[{"href":"https:\/\/alanyakonteyner.com\/de\/wp-json\/wp\/v2\/pages"}],"about":[{"href":"https:\/\/alanyakonteyner.com\/de\/wp-json\/wp\/v2\/types\/page"}],"author":[{"embeddable":true,"href":"https:\/\/alanyakonteyner.com\/de\/wp-json\/wp\/v2\/users\/2"}],"replies":[{"embeddable":true,"href":"https:\/\/alanyakonteyner.com\/de\/wp-json\/wp\/v2\/comments?post=683"}],"version-history":[{"count":1,"href":"https:\/\/alanyakonteyner.com\/de\/wp-json\/wp\/v2\/pages\/683\/revisions"}],"predecessor-version":[{"id":686,"href":"https:\/\/alanyakonteyner.com\/de\/wp-json\/wp\/v2\/pages\/683\/revisions\/686"}],"up":[{"embeddable":true,"href":"https:\/\/alanyakonteyner.com\/de\/wp-json\/wp\/v2\/pages\/665"}],"wp:featuredmedia":[{"embeddable":true,"href":"https:\/\/alanyakonteyner.com\/de\/wp-json\/wp\/v2\/media\/623"}],"wp:attachment":[{"href":"https:\/\/alanyakonteyner.com\/de\/wp-json\/wp\/v2\/media?parent=683"}],"curies":[{"name":"wp","href":"https:\/\/api.w.org\/{rel}","templated":true}]}}