{"id":688,"date":"2025-05-05T19:50:03","date_gmt":"2025-05-05T19:50:03","guid":{"rendered":"https:\/\/alanyakonteyner.com\/dienstleistungen\/santiye-kurulumu\/"},"modified":"2025-05-11T21:00:29","modified_gmt":"2025-05-11T21:00:29","slug":"baustellenloesungen","status":"publish","type":"page","link":"https:\/\/alanyakonteyner.com\/de\/dienstleistungen\/baustellenloesungen\/","title":{"rendered":"Baustellenl\u00f6sungen"},"content":{"rendered":"\n\n\t<section class=\"section\" id=\"section_299140166\">\n\t\t<div class=\"section-bg fill\" >\n\t\t\t\t\t\t\t\t\t\n\t\t\t\n\n\t\t<\/div>\n\n\t\t\n\n\t\t<div class=\"section-content relative\">\n\t\t\t\n\n\n  <div class=\"banner has-hover has-parallax\" id=\"banner-1799867295\">\n          <div class=\"banner-inner fill\">\n        <div class=\"banner-bg fill\" data-parallax=\"-7\" data-parallax-container=\".banner\" data-parallax-background>\n            <img loading=\"lazy\" decoding=\"async\" width=\"1750\" height=\"1080\" src=\"https:\/\/alanyakonteyner.com\/wp-content\/uploads\/2025\/05\/Santiye-Kurulumu-Alanya-Konteyner.webp\" class=\"bg attachment-original size-original\" alt=\"\u015eantiye Kurulumu - Alanya Konteyner\" \/>                        <div class=\"overlay\"><\/div>            \n                    <\/div>\n\t\t\n        <div class=\"banner-layers container\">\n            <div class=\"fill banner-link\"><\/div>            \n\n   <div id=\"text-box-1152461575\" class=\"text-box banner-layer x50 md-x50 lg-x50 y50 md-y50 lg-y50 res-text\">\n                                <div class=\"text-box-content text dark\">\n              \n              <div class=\"text-inner text-center\">\n                  \n\n<h1>Baustellenl\u00f6sungen<\/h1>\n\n\n\n<nav aria-label=\"breadcrumbs\" class=\"rank-math-breadcrumb\"><p><\/p><\/nav>\n\n\n              <\/div>\n           <\/div>\n                            \n<style>\n#text-box-1152461575 {\n  width: 98%;\n}\n#text-box-1152461575 .text-box-content {\n  font-size: 100%;\n}\n@media (min-width:850px) {\n  #text-box-1152461575 {\n    width: 88%;\n  }\n}\n<\/style>\n    <\/div>\n \n\n        <\/div>\n      <\/div>\n\n            \n<style>\n#banner-1799867295 {\n  padding-top: 203px;\n}\n#banner-1799867295 .overlay {\n  background-color: rgba(0,0,0,.5);\n}\n#banner-1799867295 .banner-bg img {\n  object-position: 50% 37%;\n}\n@media (min-width:550px) {\n  #banner-1799867295 {\n    padding-top: 383px;\n  }\n}\n@media (min-width:850px) {\n  #banner-1799867295 {\n    padding-top: 500px;\n  }\n}\n<\/style>\n  <\/div>\n\n\n\n\t\t<\/div>\n\n\t\t\n<style>\n#section_299140166 {\n  padding-top: 0px;\n  padding-bottom: 0px;\n}\n<\/style>\n\t<\/section>\n\t\n\n\t<section class=\"section\" id=\"section_251830594\">\n\t\t<div class=\"section-bg fill\" >\n\t\t\t\t\t\t\t\t\t\n\t\t\t\n\n\t\t<\/div>\n\n\t\t\n\n\t\t<div class=\"section-content relative\">\n\t\t\t\n\n<div class=\"row\"  id=\"row-1266117290\">\n\n\n\t<div id=\"col-1848116744\" class=\"col small-12 large-12\"  >\n\t\t\t\t<div class=\"col-inner\"  >\n\t\t\t\n\t\t\t\n\n<p class=\"\" data-start=\"952\" data-end=\"1302\">Wir errichten schnelle, strukturierte und bezugsfertige Wohn- und Arbeitsbereiche f\u00fcr Ihre Baustellen. B\u00fcro-, Schlaf-, Essens-, Sanit\u00e4r- und Sicherheitsmodule \u2013 alles wird passend zur Infrastruktur aus einer Hand geliefert. Dank unserer schnellen Montage k\u00f6nnen Sie Ihre Baustellenarbeiten ohne Verz\u00f6gerung starten und die Effizienz vor Ort steigern.<\/p>\n<p class=\"\" data-start=\"1304\" data-end=\"1690\">Bei all unseren Baustellenl\u00f6sungen stehen Widerstandsf\u00e4higkeit, Mobilit\u00e4t und D\u00e4mmleistung im Vordergrund. Jede Einheit wird aus robusten Materialien gefertigt, die harten Bedingungen standhalten und ganzj\u00e4hrigen Komfort bieten. Ob kleines Projekt oder Gro\u00dfbaustelle \u2013 wir \u00fcbernehmen die gesamte Umsetzung von der Planung bis zur Auslieferung. Sie konzentrieren sich nur auf die Arbeit.<\/p>\n\n\t\t<\/div>\n\t\t\t\t\t<\/div>\n\n\t\n\n<\/div>\n\n\t\t<\/div>\n\n\t\t\n<style>\n#section_251830594 {\n  padding-top: 30px;\n  padding-bottom: 30px;\n}\n<\/style>\n\t<\/section>\n\t\n\n","protected":false},"excerpt":{"rendered":"","protected":false},"author":2,"featured_media":625,"parent":665,"menu_order":3,"comment_status":"closed","ping_status":"closed","template":"page-blank.php","meta":{"_joinchat":[],"footnotes":""},"class_list":["post-688","page","type-page","status-publish","has-post-thumbnail","hentry"],"_links":{"self":[{"href":"https:\/\/alanyakonteyner.com\/de\/wp-json\/wp\/v2\/pages\/688","targetHints":{"allow":["GET"]}}],"collection":[{"href":"https:\/\/alanyakonteyner.com\/de\/wp-json\/wp\/v2\/pages"}],"about":[{"href":"https:\/\/alanyakonteyner.com\/de\/wp-json\/wp\/v2\/types\/page"}],"author":[{"embeddable":true,"href":"https:\/\/alanyakonteyner.com\/de\/wp-json\/wp\/v2\/users\/2"}],"replies":[{"embeddable":true,"href":"https:\/\/alanyakonteyner.com\/de\/wp-json\/wp\/v2\/comments?post=688"}],"version-history":[{"count":1,"href":"https:\/\/alanyakonteyner.com\/de\/wp-json\/wp\/v2\/pages\/688\/revisions"}],"predecessor-version":[{"id":691,"href":"https:\/\/alanyakonteyner.com\/de\/wp-json\/wp\/v2\/pages\/688\/revisions\/691"}],"up":[{"embeddable":true,"href":"https:\/\/alanyakonteyner.com\/de\/wp-json\/wp\/v2\/pages\/665"}],"wp:featuredmedia":[{"embeddable":true,"href":"https:\/\/alanyakonteyner.com\/de\/wp-json\/wp\/v2\/media\/625"}],"wp:attachment":[{"href":"https:\/\/alanyakonteyner.com\/de\/wp-json\/wp\/v2\/media?parent=688"}],"curies":[{"name":"wp","href":"https:\/\/api.w.org\/{rel}","templated":true}]}}