{"id":693,"date":"2025-05-05T19:49:25","date_gmt":"2025-05-05T19:49:25","guid":{"rendered":"https:\/\/alanyakonteyner.com\/dienstleistungen\/depomuzdan-sevkiyat\/"},"modified":"2025-05-11T21:04:07","modified_gmt":"2025-05-11T21:04:07","slug":"versand-ab-lager","status":"publish","type":"page","link":"https:\/\/alanyakonteyner.com\/de\/dienstleistungen\/versand-ab-lager\/","title":{"rendered":"Versand ab Lager"},"content":{"rendered":"\n\n\t<section class=\"section\" id=\"section_1363738157\">\n\t\t<div class=\"section-bg fill\" >\n\t\t\t\t\t\t\t\t\t\n\t\t\t\n\n\t\t<\/div>\n\n\t\t\n\n\t\t<div class=\"section-content relative\">\n\t\t\t\n\n\n  <div class=\"banner has-hover has-parallax\" id=\"banner-1770751381\">\n          <div class=\"banner-inner fill\">\n        <div class=\"banner-bg fill\" data-parallax=\"-7\" data-parallax-container=\".banner\" data-parallax-background>\n            <img loading=\"lazy\" decoding=\"async\" width=\"1750\" height=\"1080\" src=\"https:\/\/alanyakonteyner.com\/wp-content\/uploads\/2025\/05\/Depomuzdan-Sevkiyat-Alanya-Konteyner.webp\" class=\"bg attachment-original size-original\" alt=\"Depomuzdan Sevkiyat - Alanya Konteyner\" \/>                        <div class=\"overlay\"><\/div>            \n                    <\/div>\n\t\t\n        <div class=\"banner-layers container\">\n            <div class=\"fill banner-link\"><\/div>            \n\n   <div id=\"text-box-327632462\" class=\"text-box banner-layer x50 md-x50 lg-x50 y50 md-y50 lg-y50 res-text\">\n                                <div class=\"text-box-content text dark\">\n              \n              <div class=\"text-inner text-center\">\n                  \n\n<h1>Versand ab Lager<\/h1>\n\n\n\n<nav aria-label=\"breadcrumbs\" class=\"rank-math-breadcrumb\"><p><\/p><\/nav>\n\n\n              <\/div>\n           <\/div>\n                            \n<style>\n#text-box-327632462 {\n  width: 98%;\n}\n#text-box-327632462 .text-box-content {\n  font-size: 100%;\n}\n@media (min-width:850px) {\n  #text-box-327632462 {\n    width: 88%;\n  }\n}\n<\/style>\n    <\/div>\n \n\n        <\/div>\n      <\/div>\n\n            \n<style>\n#banner-1770751381 {\n  padding-top: 203px;\n}\n#banner-1770751381 .overlay {\n  background-color: rgba(0,0,0,.5);\n}\n#banner-1770751381 .banner-bg img {\n  object-position: 47% 54%;\n}\n@media (min-width:550px) {\n  #banner-1770751381 {\n    padding-top: 383px;\n  }\n}\n@media (min-width:850px) {\n  #banner-1770751381 {\n    padding-top: 500px;\n  }\n}\n<\/style>\n  <\/div>\n\n\n\n\t\t<\/div>\n\n\t\t\n<style>\n#section_1363738157 {\n  padding-top: 0px;\n  padding-bottom: 0px;\n}\n<\/style>\n\t<\/section>\n\t\n\n\t<section class=\"section\" id=\"section_1995795204\">\n\t\t<div class=\"section-bg fill\" >\n\t\t\t\t\t\t\t\t\t\n\t\t\t\n\n\t\t<\/div>\n\n\t\t\n\n\t\t<div class=\"section-content relative\">\n\t\t\t\n\n<div class=\"row\"  id=\"row-215098497\">\n\n\n\t<div id=\"col-1897111316\" class=\"col small-12 large-12\"  >\n\t\t\t\t<div class=\"col-inner\"  >\n\t\t\t\n\t\t\t\n\n<p class=\"\" data-start=\"958\" data-end=\"1352\">Von unserem Zentrallager in Alanya aus liefern wir Container in alle Regionen der T\u00fcrkei. Die bestellten Produkte werden transportsicher verpackt, besch\u00e4digungsfrei vorbereitet und so verladen, dass sie vor Ort problemlos montiert werden k\u00f6nnen. P\u00fcnktlichkeit steht bei unserer Versandplanung an erster Stelle \u2013 so verlaufen Ihre Projekte reibungslos und Liefertermine werden exakt eingehalten.<\/p>\n<p class=\"\" data-start=\"1354\" data-end=\"1735\">Ob Einzelcontainer oder Gro\u00dflieferung \u2013 wir behandeln jede Bestellung mit gr\u00f6\u00dfter Sorgfalt. Mit unserem professionellen Logistiknetzwerk garantieren wir sichere und schnelle Transporte. Bei Bedarf unterst\u00fctzen wir die Montage vor Ort und begleiten den gesamten Ablauf vom Abgang bis zur \u00dcbergabe. Vom Lager bis zur schl\u00fcsselfertigen \u00dcbergabe organisieren wir jeden Schritt f\u00fcr Sie.<\/p>\n\n\t\t<\/div>\n\t\t\t\t\t<\/div>\n\n\t\n\n<\/div>\n\n\t\t<\/div>\n\n\t\t\n<style>\n#section_1995795204 {\n  padding-top: 30px;\n  padding-bottom: 30px;\n}\n<\/style>\n\t<\/section>\n\t\n\n","protected":false},"excerpt":{"rendered":"","protected":false},"author":2,"featured_media":627,"parent":665,"menu_order":4,"comment_status":"closed","ping_status":"closed","template":"page-blank.php","meta":{"_joinchat":[],"footnotes":""},"class_list":["post-693","page","type-page","status-publish","has-post-thumbnail","hentry"],"_links":{"self":[{"href":"https:\/\/alanyakonteyner.com\/de\/wp-json\/wp\/v2\/pages\/693","targetHints":{"allow":["GET"]}}],"collection":[{"href":"https:\/\/alanyakonteyner.com\/de\/wp-json\/wp\/v2\/pages"}],"about":[{"href":"https:\/\/alanyakonteyner.com\/de\/wp-json\/wp\/v2\/types\/page"}],"author":[{"embeddable":true,"href":"https:\/\/alanyakonteyner.com\/de\/wp-json\/wp\/v2\/users\/2"}],"replies":[{"embeddable":true,"href":"https:\/\/alanyakonteyner.com\/de\/wp-json\/wp\/v2\/comments?post=693"}],"version-history":[{"count":2,"href":"https:\/\/alanyakonteyner.com\/de\/wp-json\/wp\/v2\/pages\/693\/revisions"}],"predecessor-version":[{"id":697,"href":"https:\/\/alanyakonteyner.com\/de\/wp-json\/wp\/v2\/pages\/693\/revisions\/697"}],"up":[{"embeddable":true,"href":"https:\/\/alanyakonteyner.com\/de\/wp-json\/wp\/v2\/pages\/665"}],"wp:featuredmedia":[{"embeddable":true,"href":"https:\/\/alanyakonteyner.com\/de\/wp-json\/wp\/v2\/media\/627"}],"wp:attachment":[{"href":"https:\/\/alanyakonteyner.com\/de\/wp-json\/wp\/v2\/media?parent=693"}],"curies":[{"name":"wp","href":"https:\/\/api.w.org\/{rel}","templated":true}]}}