{"id":699,"date":"2025-05-05T19:48:41","date_gmt":"2025-05-05T19:48:41","guid":{"rendered":"https:\/\/alanyakonteyner.com\/dienstleistungen\/satis-sonrasi-destek\/"},"modified":"2025-05-11T21:06:40","modified_gmt":"2025-05-11T21:06:40","slug":"satis-sonrasi-destek","status":"publish","type":"page","link":"https:\/\/alanyakonteyner.com\/de\/dienstleistungen\/satis-sonrasi-destek\/","title":{"rendered":"Kundendienst nach dem Verkauf"},"content":{"rendered":"\n\n\t<section class=\"section\" id=\"section_1363181230\">\n\t\t<div class=\"section-bg fill\" >\n\t\t\t\t\t\t\t\t\t\n\t\t\t\n\n\t\t<\/div>\n\n\t\t\n\n\t\t<div class=\"section-content relative\">\n\t\t\t\n\n\n  <div class=\"banner has-hover has-parallax\" id=\"banner-1370515999\">\n          <div class=\"banner-inner fill\">\n        <div class=\"banner-bg fill\" data-parallax=\"-7\" data-parallax-container=\".banner\" data-parallax-background>\n            <img loading=\"lazy\" decoding=\"async\" width=\"1750\" height=\"1080\" src=\"https:\/\/alanyakonteyner.com\/wp-content\/uploads\/2025\/05\/Satis-Sonrasi-Destek-Alanya-Konteyner.webp\" class=\"bg attachment-original size-original\" alt=\"Sat\u0131\u015f Sonras\u0131 Destek - Alanya Konteyner\" \/>                        <div class=\"overlay\"><\/div>            \n                    <\/div>\n\t\t\n        <div class=\"banner-layers container\">\n            <div class=\"fill banner-link\"><\/div>            \n\n   <div id=\"text-box-613428613\" class=\"text-box banner-layer x50 md-x50 lg-x50 y50 md-y50 lg-y50 res-text\">\n                                <div class=\"text-box-content text dark\">\n              \n              <div class=\"text-inner text-center\">\n                  \n\n<h1>Kundendienst nach dem Verkauf<\/h1>\n\n\n\n<nav aria-label=\"breadcrumbs\" class=\"rank-math-breadcrumb\"><p><\/p><\/nav>\n\n\n              <\/div>\n           <\/div>\n                            \n<style>\n#text-box-613428613 {\n  width: 98%;\n}\n#text-box-613428613 .text-box-content {\n  font-size: 100%;\n}\n@media (min-width:850px) {\n  #text-box-613428613 {\n    width: 88%;\n  }\n}\n<\/style>\n    <\/div>\n \n\n        <\/div>\n      <\/div>\n\n            \n<style>\n#banner-1370515999 {\n  padding-top: 203px;\n}\n#banner-1370515999 .overlay {\n  background-color: rgba(0,0,0,.5);\n}\n#banner-1370515999 .banner-bg img {\n  object-position: 50% 86%;\n}\n@media (min-width:550px) {\n  #banner-1370515999 {\n    padding-top: 383px;\n  }\n}\n@media (min-width:850px) {\n  #banner-1370515999 {\n    padding-top: 500px;\n  }\n}\n<\/style>\n  <\/div>\n\n\n\n\t\t<\/div>\n\n\t\t\n<style>\n#section_1363181230 {\n  padding-top: 0px;\n  padding-bottom: 0px;\n}\n<\/style>\n\t<\/section>\n\t\n\n\t<section class=\"section\" id=\"section_1480807064\">\n\t\t<div class=\"section-bg fill\" >\n\t\t\t\t\t\t\t\t\t\n\t\t\t\n\n\t\t<\/div>\n\n\t\t\n\n\t\t<div class=\"section-content relative\">\n\t\t\t\n\n<div class=\"row\"  id=\"row-456030999\">\n\n\n\t<div id=\"col-1397748795\" class=\"col small-12 large-12\"  >\n\t\t\t\t<div class=\"col-inner\"  >\n\t\t\t\n\t\t\t\n\n<p class=\"\" data-start=\"848\" data-end=\"1194\">Bei Alanya Konteyner ist uns der Service nach dem Kauf genauso wichtig wie der Verkaufszeitpunkt selbst. Wir stehen Ihnen weiterhin zur Seite, damit Sie unsere Produkte viele Jahre lang sicher und effizient nutzen k\u00f6nnen. Ob Wartung, Reparatur, Standortwechsel oder technische Beratung \u2013 wir bieten umfassende Unterst\u00fctzung nach der Installation.<\/p>\n<p class=\"\" data-start=\"1196\" data-end=\"1532\">Unser reaktionsschnelles Team sorgt mit schneller Hilfe, Ersatzteillieferung und L\u00f6sungen direkt vor Ort f\u00fcr einen unterbrechungsfreien Service. Unser Ziel ist es nicht nur, ein Produkt zu liefern, sondern langfristige Kundenzufriedenheit zu schaffen. Jeder bei uns gekaufte Container kommt mit unserem verl\u00e4sslichen Serviceversprechen.<\/p>\n\n\t\t<\/div>\n\t\t\t\t\t<\/div>\n\n\t\n\n<\/div>\n\n\t\t<\/div>\n\n\t\t\n<style>\n#section_1480807064 {\n  padding-top: 30px;\n  padding-bottom: 30px;\n}\n<\/style>\n\t<\/section>\n\t\n\n","protected":false},"excerpt":{"rendered":"","protected":false},"author":2,"featured_media":629,"parent":665,"menu_order":5,"comment_status":"closed","ping_status":"closed","template":"page-blank.php","meta":{"_joinchat":[],"footnotes":""},"class_list":["post-699","page","type-page","status-publish","has-post-thumbnail","hentry"],"_links":{"self":[{"href":"https:\/\/alanyakonteyner.com\/de\/wp-json\/wp\/v2\/pages\/699","targetHints":{"allow":["GET"]}}],"collection":[{"href":"https:\/\/alanyakonteyner.com\/de\/wp-json\/wp\/v2\/pages"}],"about":[{"href":"https:\/\/alanyakonteyner.com\/de\/wp-json\/wp\/v2\/types\/page"}],"author":[{"embeddable":true,"href":"https:\/\/alanyakonteyner.com\/de\/wp-json\/wp\/v2\/users\/2"}],"replies":[{"embeddable":true,"href":"https:\/\/alanyakonteyner.com\/de\/wp-json\/wp\/v2\/comments?post=699"}],"version-history":[{"count":1,"href":"https:\/\/alanyakonteyner.com\/de\/wp-json\/wp\/v2\/pages\/699\/revisions"}],"predecessor-version":[{"id":702,"href":"https:\/\/alanyakonteyner.com\/de\/wp-json\/wp\/v2\/pages\/699\/revisions\/702"}],"up":[{"embeddable":true,"href":"https:\/\/alanyakonteyner.com\/de\/wp-json\/wp\/v2\/pages\/665"}],"wp:featuredmedia":[{"embeddable":true,"href":"https:\/\/alanyakonteyner.com\/de\/wp-json\/wp\/v2\/media\/629"}],"wp:attachment":[{"href":"https:\/\/alanyakonteyner.com\/de\/wp-json\/wp\/v2\/media?parent=699"}],"curies":[{"name":"wp","href":"https:\/\/api.w.org\/{rel}","templated":true}]}}