{"id":717,"date":"2025-04-15T21:27:05","date_gmt":"2025-04-15T21:27:05","guid":{"rendered":"https:\/\/alanyakonteyner.com\/300x400-tek-oda-bos-konteyner\/"},"modified":"2025-05-11T21:33:22","modified_gmt":"2025-05-11T21:33:22","slug":"300x400-einraum-leercontainer","status":"publish","type":"product","link":"https:\/\/alanyakonteyner.com\/de\/300x400-einraum-leercontainer\/","title":{"rendered":"300\u00d7400 Einraum-Leercontainer"},"content":{"rendered":"","protected":false},"excerpt":{"rendered":"<h2 data-start=\"1668\" data-end=\"1720\">300\u00d7400 Einraum-Leercontainer \u2013 Alanya Konteyner<\/h2>\n<p class=\"\" data-start=\"1722\" data-end=\"2027\">Bei Alanya Konteyner haben wir unseren 300\u00d7400 Einraum-Leercontainer entwickelt, um mit seiner kompakten Bauweise maximale Effizienz f\u00fcr unterschiedliche Branchen zu bieten. Dank gro\u00dfz\u00fcgigem Innenraum und schlichtem Design eignet er sich ideal als B\u00fcro, Lager, Sicherheitskabine oder tempor\u00e4re Unterkunft.<\/p>\n<p class=\"\" data-start=\"2029\" data-end=\"2235\">Der vollst\u00e4ndig leere Innenbereich l\u00e4sst sich problemlos an Ihre individuellen Anforderungen anpassen \u2013 somit ist dieses Modell eine ideale und wirtschaftliche L\u00f6sung f\u00fcr private sowie gewerbliche Projekte.<\/p>\n<p class=\"\" data-start=\"2237\" data-end=\"2503\">Die hochwertigen Sandwichpaneele an W\u00e4nden und Decke sorgen das ganze Jahr \u00fcber f\u00fcr hervorragende W\u00e4rme- und Schalld\u00e4mmung. Die leichte, transportfreundliche Konstruktion erm\u00f6glicht eine schnelle Lieferung und eine z\u00fcgige Montage \u2013 f\u00fcr sofortige Einsatzbereitschaft.<\/p>\n<p class=\"\" data-start=\"2505\" data-end=\"2652\">Unser 300\u00d7400 Modell bietet auch auf begrenztem Raum eine effektive Nutzung und \u00fcberzeugt durch Langlebigkeit und Vielseitigkeit in jeder Umgebung.<\/p>\n<h3 class=\"\" data-start=\"2654\" data-end=\"2672\">Hauptmerkmale:<\/h3>\n<ul data-start=\"2673\" data-end=\"2882\">\n<li class=\"\" data-start=\"2673\" data-end=\"2701\">\n<p class=\"\" data-start=\"2675\" data-end=\"2701\">1 ger\u00e4umiger leerer Raum<\/p>\n<\/li>\n<li class=\"\" data-start=\"2702\" data-end=\"2743\">\n<p class=\"\" data-start=\"2704\" data-end=\"2743\">Sandwichpaneel-Wand- und Deckensystem<\/p>\n<\/li>\n<li class=\"\" data-start=\"2744\" data-end=\"2784\">\n<p class=\"\" data-start=\"2746\" data-end=\"2784\">Ganzj\u00e4hrige W\u00e4rme- und Schalld\u00e4mmung<\/p>\n<\/li>\n<li class=\"\" data-start=\"2785\" data-end=\"2822\">\n<p class=\"\" data-start=\"2787\" data-end=\"2822\">Leichte, transportf\u00e4hige Struktur<\/p>\n<\/li>\n<li class=\"\" data-start=\"2823\" data-end=\"2882\">\n<p class=\"\" data-start=\"2825\" data-end=\"2882\">Schnelle Montage und individuell gestaltbarer Innenraum<\/p>\n<\/li>\n<\/ul>\n<p class=\"\" data-start=\"2884\" data-end=\"3115\">Wenn Sie in Alanya nach einer kompakten, langlebigen und funktionalen Containerl\u00f6sung suchen, ist unser 300\u00d7400 Einraum-Modell genau das Richtige. Kontaktieren Sie uns \u2013 wir entwickeln gemeinsam die passende L\u00f6sung f\u00fcr Ihr Projekt.<\/p>\n","protected":false},"featured_media":469,"comment_status":"open","ping_status":"closed","template":"","meta":{"_joinchat":[]},"product_brand":[],"product_cat":[44],"product_tag":[],"class_list":{"0":"post-717","1":"product","2":"type-product","3":"status-publish","4":"has-post-thumbnail","6":"product_cat-standardcontainer","8":"first","9":"instock","10":"shipping-taxable","11":"product-type-simple"},"_links":{"self":[{"href":"https:\/\/alanyakonteyner.com\/de\/wp-json\/wp\/v2\/product\/717","targetHints":{"allow":["GET"]}}],"collection":[{"href":"https:\/\/alanyakonteyner.com\/de\/wp-json\/wp\/v2\/product"}],"about":[{"href":"https:\/\/alanyakonteyner.com\/de\/wp-json\/wp\/v2\/types\/product"}],"replies":[{"embeddable":true,"href":"https:\/\/alanyakonteyner.com\/de\/wp-json\/wp\/v2\/comments?post=717"}],"wp:featuredmedia":[{"embeddable":true,"href":"https:\/\/alanyakonteyner.com\/de\/wp-json\/wp\/v2\/media\/469"}],"wp:attachment":[{"href":"https:\/\/alanyakonteyner.com\/de\/wp-json\/wp\/v2\/media?parent=717"}],"wp:term":[{"taxonomy":"product_brand","embeddable":true,"href":"https:\/\/alanyakonteyner.com\/de\/wp-json\/wp\/v2\/product_brand?post=717"},{"taxonomy":"product_cat","embeddable":true,"href":"https:\/\/alanyakonteyner.com\/de\/wp-json\/wp\/v2\/product_cat?post=717"},{"taxonomy":"product_tag","embeddable":true,"href":"https:\/\/alanyakonteyner.com\/de\/wp-json\/wp\/v2\/product_tag?post=717"}],"curies":[{"name":"wp","href":"https:\/\/api.w.org\/{rel}","templated":true}]}}