{"id":731,"date":"2025-04-15T21:30:18","date_gmt":"2025-04-15T21:30:18","guid":{"rendered":"https:\/\/alanyakonteyner.com\/300x700-k204-tek-oda-konteyner-wc-mutfak\/"},"modified":"2025-05-11T21:54:58","modified_gmt":"2025-05-11T21:54:58","slug":"300x700-k204-einraum-container-mit-wc-und-kueche","status":"publish","type":"product","link":"https:\/\/alanyakonteyner.com\/de\/300x700-k204-einraum-container-mit-wc-und-kueche\/","title":{"rendered":"300\u00d7700 K204 Einraum-Container mit WC und K\u00fcche"},"content":{"rendered":"","protected":false},"excerpt":{"rendered":"<h2 data-start=\"1564\" data-end=\"1626\">300\u00d7700 K204 Einraum-WC-K\u00fcche-Container \u2013 Alanya Konteyner<\/h2>\n<p class=\"\" data-start=\"1628\" data-end=\"1975\">Bei Alanya Konteyner haben wir unser 300\u00d7700 K204 Einraum-Containermodell entwickelt, um eine praktische und komfortable L\u00f6sung f\u00fcr den Bedarf an kompaktem Wohnraum zu bieten. Mit seiner funktionalen Innenaufteilung und robusten Bauweise passt sich dieses Modell verschiedensten Nutzungsszenarien an und bietet maximale Effizienz auf kleinem Raum.<\/p>\n<p class=\"\" data-start=\"1977\" data-end=\"2218\">Die integrierten WC- und K\u00fcchenbereiche sind ergonomisch und hygienisch gestaltet und decken den t\u00e4glichen Bedarf zuverl\u00e4ssig ab. Ob als privater Wohnraum oder als B\u00fcroerg\u00e4nzung \u2013 dieses Modell bietet eine komfortable und effiziente Nutzung.<\/p>\n<p class=\"\" data-start=\"2220\" data-end=\"2515\">Hochwertige Sandwichpaneele an W\u00e4nden und Decke sorgen ganzj\u00e4hrig f\u00fcr eine effektive W\u00e4rme- und Schalld\u00e4mmung. Die stabile Konstruktion gew\u00e4hrleistet langfristigen Schutz vor \u00e4u\u00dferen Einfl\u00fcssen, w\u00e4hrend die transportfreundliche Bauweise eine schnelle Montage und flexible Platzierung erm\u00f6glicht.<\/p>\n<p class=\"\" data-start=\"2517\" data-end=\"2654\">Das K204 Modell bietet vielseitige Einsatzm\u00f6glichkeiten \u2013 von Baustellen \u00fcber tempor\u00e4re Unterk\u00fcnfte bis hin zu B\u00fcro- und Sozialprojekten.<\/p>\n<h3 class=\"\" data-start=\"2656\" data-end=\"2677\">Innenausstattung:<\/h3>\n<ul data-start=\"2678\" data-end=\"2709\">\n<li class=\"\" data-start=\"2678\" data-end=\"2688\">\n<p class=\"\" data-start=\"2680\" data-end=\"2688\">1 Raum<\/p>\n<\/li>\n<li class=\"\" data-start=\"2689\" data-end=\"2697\">\n<p class=\"\" data-start=\"2691\" data-end=\"2697\">1 WC<\/p>\n<\/li>\n<li class=\"\" data-start=\"2698\" data-end=\"2709\">\n<p class=\"\" data-start=\"2700\" data-end=\"2709\">1 K\u00fcche<\/p>\n<\/li>\n<\/ul>\n<p class=\"\" data-start=\"2711\" data-end=\"2902\">Wenn Sie in Alanya eine funktionale, wirtschaftliche und schnelle L\u00f6sung suchen, ist unser K204 Modell genau richtig. Lassen Sie uns gemeinsam wertvolle Strukturen f\u00fcr Ihre Projekte schaffen.<\/p>\n","protected":false},"featured_media":537,"comment_status":"open","ping_status":"closed","template":"","meta":{"_joinchat":[]},"product_brand":[],"product_cat":[44],"product_tag":[],"class_list":{"0":"post-731","1":"product","2":"type-product","3":"status-publish","4":"has-post-thumbnail","6":"product_cat-standardcontainer","8":"first","9":"instock","10":"shipping-taxable","11":"product-type-simple"},"_links":{"self":[{"href":"https:\/\/alanyakonteyner.com\/de\/wp-json\/wp\/v2\/product\/731","targetHints":{"allow":["GET"]}}],"collection":[{"href":"https:\/\/alanyakonteyner.com\/de\/wp-json\/wp\/v2\/product"}],"about":[{"href":"https:\/\/alanyakonteyner.com\/de\/wp-json\/wp\/v2\/types\/product"}],"replies":[{"embeddable":true,"href":"https:\/\/alanyakonteyner.com\/de\/wp-json\/wp\/v2\/comments?post=731"}],"wp:featuredmedia":[{"embeddable":true,"href":"https:\/\/alanyakonteyner.com\/de\/wp-json\/wp\/v2\/media\/537"}],"wp:attachment":[{"href":"https:\/\/alanyakonteyner.com\/de\/wp-json\/wp\/v2\/media?parent=731"}],"wp:term":[{"taxonomy":"product_brand","embeddable":true,"href":"https:\/\/alanyakonteyner.com\/de\/wp-json\/wp\/v2\/product_brand?post=731"},{"taxonomy":"product_cat","embeddable":true,"href":"https:\/\/alanyakonteyner.com\/de\/wp-json\/wp\/v2\/product_cat?post=731"},{"taxonomy":"product_tag","embeddable":true,"href":"https:\/\/alanyakonteyner.com\/de\/wp-json\/wp\/v2\/product_tag?post=731"}],"curies":[{"name":"wp","href":"https:\/\/api.w.org\/{rel}","templated":true}]}}