{"id":762,"date":"2025-04-15T21:44:13","date_gmt":"2025-04-15T21:44:13","guid":{"rendered":"https:\/\/alanyakonteyner.com\/600x700-balkonlu-birlesimli-konteyner-1-1-wc-dus-mutfak\/"},"modified":"2025-05-11T22:37:04","modified_gmt":"2025-05-11T22:37:04","slug":"600x700-kombinierter-container-mit-balkon-11-wc-dusche-und-kueche","status":"publish","type":"product","link":"https:\/\/alanyakonteyner.com\/de\/600x700-kombinierter-container-mit-balkon-11-wc-dusche-und-kueche\/","title":{"rendered":"600\u00d7700 Kombinierter Container mit Balkon \u2013 1+1, WC, Dusche und K\u00fcche"},"content":{"rendered":"","protected":false},"excerpt":{"rendered":"<h2 data-start=\"1683\" data-end=\"1764\">600\u00d7700 Balkon-Kombicontainer 1+1 mit WC, Dusche und K\u00fcche \u2013 Alanya Konteyner<\/h2>\n<p class=\"\" data-start=\"1766\" data-end=\"2024\">Bei Alanya Konteyner haben wir unser 600\u00d7700 Balkon-Kombicontainermodell speziell f\u00fcr Kunden entwickelt, die \u00c4sthetik und Wohnkomfort miteinander verbinden m\u00f6chten. Mit dem 1+1 Grundriss bietet dieses Modell eine vollst\u00e4ndige L\u00f6sung f\u00fcr den t\u00e4glichen Bedarf.<\/p>\n<p class=\"\" data-start=\"2026\" data-end=\"2316\">Das gro\u00dfz\u00fcgige Raumkonzept, die moderne Innenaufteilung und der integrierte Balkon machen dieses Modell nicht nur funktional, sondern auch optisch ansprechend. Die Bereiche f\u00fcr WC, Dusche und K\u00fcche sind ergonomisch geplant und decken alle t\u00e4glichen Grundbed\u00fcrfnisse auf praktische Weise ab.<\/p>\n<p class=\"\" data-start=\"2318\" data-end=\"2558\">Dank unserer hochwertigen Sandwichpaneele an W\u00e4nden und Decke bietet das Modell ganzj\u00e4hrig hervorragende W\u00e4rme- und Schalld\u00e4mmung. Ob in den hei\u00dfen Sommern oder k\u00fchlen Wintern von Alanya \u2013 Sie genie\u00dfen jederzeit ein komfortables Wohngef\u00fchl.<\/p>\n<p class=\"\" data-start=\"2560\" data-end=\"2788\">Dieses Modell eignet sich ideal f\u00fcr zahlreiche Einsatzbereiche \u2013 von Baustellen \u00fcber Ferienanlagen bis hin zu B\u00fcroeinheiten oder privaten Wohnprojekten. Die mobile Bauweise und die schnelle Montage sparen Zeit und Arbeitskosten.<\/p>\n<h3 class=\"\" data-start=\"2790\" data-end=\"2811\">Innenausstattung:<\/h3>\n<ul data-start=\"2812\" data-end=\"2874\">\n<li class=\"\" data-start=\"2812\" data-end=\"2820\">\n<p class=\"\" data-start=\"2814\" data-end=\"2820\">1 WC<\/p>\n<\/li>\n<li class=\"\" data-start=\"2821\" data-end=\"2833\">\n<p class=\"\" data-start=\"2823\" data-end=\"2833\">1 Dusche<\/p>\n<\/li>\n<li class=\"\" data-start=\"2834\" data-end=\"2845\">\n<p class=\"\" data-start=\"2836\" data-end=\"2845\">1 K\u00fcche<\/p>\n<\/li>\n<li class=\"\" data-start=\"2846\" data-end=\"2874\">\n<p class=\"\" data-start=\"2848\" data-end=\"2874\">Ger\u00e4umiger Balkonbereich<\/p>\n<\/li>\n<\/ul>\n<p class=\"\" data-start=\"2876\" data-end=\"3094\">Wenn Sie in Alanya nach einer Wohnl\u00f6sung suchen, die sowohl \u00e4sthetisch als auch funktional ist, ist unser 600\u00d7700 Balkon-Kombicontainer die perfekte Wahl. Gestalten wir gemeinsam Ihr neues Zuhause \u2013 ganz unkompliziert.<\/p>\n","protected":false},"featured_media":483,"comment_status":"open","ping_status":"closed","template":"","meta":{"_joinchat":[]},"product_brand":[],"product_cat":[47],"product_tag":[],"class_list":{"0":"post-762","1":"product","2":"type-product","3":"status-publish","4":"has-post-thumbnail","6":"product_cat-modulares-containerelement","8":"first","9":"instock","10":"shipping-taxable","11":"product-type-simple"},"_links":{"self":[{"href":"https:\/\/alanyakonteyner.com\/de\/wp-json\/wp\/v2\/product\/762","targetHints":{"allow":["GET"]}}],"collection":[{"href":"https:\/\/alanyakonteyner.com\/de\/wp-json\/wp\/v2\/product"}],"about":[{"href":"https:\/\/alanyakonteyner.com\/de\/wp-json\/wp\/v2\/types\/product"}],"replies":[{"embeddable":true,"href":"https:\/\/alanyakonteyner.com\/de\/wp-json\/wp\/v2\/comments?post=762"}],"wp:featuredmedia":[{"embeddable":true,"href":"https:\/\/alanyakonteyner.com\/de\/wp-json\/wp\/v2\/media\/483"}],"wp:attachment":[{"href":"https:\/\/alanyakonteyner.com\/de\/wp-json\/wp\/v2\/media?parent=762"}],"wp:term":[{"taxonomy":"product_brand","embeddable":true,"href":"https:\/\/alanyakonteyner.com\/de\/wp-json\/wp\/v2\/product_brand?post=762"},{"taxonomy":"product_cat","embeddable":true,"href":"https:\/\/alanyakonteyner.com\/de\/wp-json\/wp\/v2\/product_cat?post=762"},{"taxonomy":"product_tag","embeddable":true,"href":"https:\/\/alanyakonteyner.com\/de\/wp-json\/wp\/v2\/product_tag?post=762"}],"curies":[{"name":"wp","href":"https:\/\/api.w.org\/{rel}","templated":true}]}}