{"id":772,"date":"2025-04-15T21:46:16","date_gmt":"2025-04-15T21:46:16","guid":{"rendered":"https:\/\/alanyakonteyner.com\/200x200-guvenlik-kabini\/"},"modified":"2025-05-12T14:50:31","modified_gmt":"2025-05-12T14:50:31","slug":"200x200-sicherheitskabine","status":"publish","type":"product","link":"https:\/\/alanyakonteyner.com\/de\/200x200-sicherheitskabine\/","title":{"rendered":"200\u00d7200 Sicherheitskabine"},"content":{"rendered":"","protected":false},"excerpt":{"rendered":"<h2 class=\"\" data-start=\"1278\" data-end=\"1343\">200\u00d7200 Sicherheitskabine \u2013 Alanya Konteyner<\/h2>\n<p class=\"\" data-start=\"1344\" data-end=\"1605\">Bei Alanya Konteyner haben wir unser Modell 200\u00d7200 Sicherheitskabine so konzipiert, dass es alle Anforderungen des Sicherheitspersonals erf\u00fcllt. Mit gro\u00dfz\u00fcgigem Innenraum und robuster Bauweise bietet es eine sichere, komfortable und langlebige Arbeitsumgebung.<\/p>\n<p class=\"\" data-start=\"1607\" data-end=\"1908\">Dank hochwertiger Sandwichpaneele an W\u00e4nden und Decke sorgt dieses Modell das ganze Jahr \u00fcber f\u00fcr effektive W\u00e4rme- und Schalld\u00e4mmung. So bleibt es im Sommer angenehm k\u00fchl und im Winter warm \u2013 f\u00fcr ununterbrochene Eins\u00e4tze und gesteigerten Arbeitskomfort, der sich direkt auf die Produktivit\u00e4t auswirkt.<\/p>\n<p class=\"\" data-start=\"1910\" data-end=\"2167\">Egal ob an Zufahrten, in Parkbereichen, auf Werksgel\u00e4nden oder auf Baustellen \u2013 dieses Modell l\u00e4sst sich flexibel einsetzen. Die gro\u00dfen Fenster erm\u00f6glichen eine hervorragende Sicht auf die Umgebung und sorgen f\u00fcr volle Kontrolle an jeder Sicherheitsstation.<\/p>\n<p class=\"\" data-start=\"2169\" data-end=\"2258\">Durch die leichte und mobile Bauweise ist die Kabine schnell geliefert und einsatzbereit.<\/p>\n<p class=\"\" data-start=\"2260\" data-end=\"2465\">Wenn Sie in Alanya eine hochwertige und praktische Sicherheitsl\u00f6sung suchen, ist unsere 200\u00d7200 Kabine genau das Richtige. Gemeinsam schaffen wir den idealen Arbeitsplatz f\u00fcr Ihre Sicherheitsanforderungen.<\/p>\n","protected":false},"featured_media":461,"comment_status":"open","ping_status":"closed","template":"","meta":{"_joinchat":[]},"product_brand":[],"product_cat":[57],"product_tag":[],"class_list":{"0":"post-772","1":"product","2":"type-product","3":"status-publish","4":"has-post-thumbnail","6":"product_cat-wc-dusch-und-sicherheitskabinen","8":"first","9":"instock","10":"shipping-taxable","11":"product-type-simple"},"_links":{"self":[{"href":"https:\/\/alanyakonteyner.com\/de\/wp-json\/wp\/v2\/product\/772","targetHints":{"allow":["GET"]}}],"collection":[{"href":"https:\/\/alanyakonteyner.com\/de\/wp-json\/wp\/v2\/product"}],"about":[{"href":"https:\/\/alanyakonteyner.com\/de\/wp-json\/wp\/v2\/types\/product"}],"replies":[{"embeddable":true,"href":"https:\/\/alanyakonteyner.com\/de\/wp-json\/wp\/v2\/comments?post=772"}],"wp:featuredmedia":[{"embeddable":true,"href":"https:\/\/alanyakonteyner.com\/de\/wp-json\/wp\/v2\/media\/461"}],"wp:attachment":[{"href":"https:\/\/alanyakonteyner.com\/de\/wp-json\/wp\/v2\/media?parent=772"}],"wp:term":[{"taxonomy":"product_brand","embeddable":true,"href":"https:\/\/alanyakonteyner.com\/de\/wp-json\/wp\/v2\/product_brand?post=772"},{"taxonomy":"product_cat","embeddable":true,"href":"https:\/\/alanyakonteyner.com\/de\/wp-json\/wp\/v2\/product_cat?post=772"},{"taxonomy":"product_tag","embeddable":true,"href":"https:\/\/alanyakonteyner.com\/de\/wp-json\/wp\/v2\/product_tag?post=772"}],"curies":[{"name":"wp","href":"https:\/\/api.w.org\/{rel}","templated":true}]}}