{"id":779,"date":"2025-04-15T21:47:56","date_gmt":"2025-04-15T21:47:56","guid":{"rendered":"https:\/\/alanyakonteyner.com\/k-4-dortlu-wc-dus-konteyner\/"},"modified":"2025-05-12T15:16:29","modified_gmt":"2025-05-12T15:16:29","slug":"k-4-vierfach-wc-dusche-container","status":"publish","type":"product","link":"https:\/\/alanyakonteyner.com\/de\/k-4-vierfach-wc-dusche-container\/","title":{"rendered":"K-4 Vierfach-WC-Dusche-Container"},"content":{"rendered":"","protected":false},"excerpt":{"rendered":"<h2 data-start=\"1606\" data-end=\"1661\">K-4 Vierfach-WC-Dusche-Container \u2013 Alanya Konteyner<\/h2>\n<p class=\"\" data-start=\"1663\" data-end=\"1950\">Bei Alanya Konteyner haben wir den K-4 Vierfach-WC-Dusche-Container als kompakte und funktionale Hygienel\u00f6sung f\u00fcr stark frequentierte Bereiche entwickelt. Dank seiner platzsparenden Bauweise und durchdachten Ausstattung erf\u00fcllt er effizient die Bed\u00fcrfnisse mehrerer Nutzer gleichzeitig.<\/p>\n<p class=\"\" data-start=\"1952\" data-end=\"2190\">Mit vier separaten WC- und Duschkabinen ausgestattet, ist dieses Modell ideal f\u00fcr Baustellen, soziale Einrichtungen, Sportanlagen und tempor\u00e4re Unterk\u00fcnfte geeignet. Es bietet auch unter schwierigen Einsatzbedingungen Komfort und Hygiene.<\/p>\n<p class=\"\" data-start=\"2192\" data-end=\"2470\">Unsere hochwertigen Sandwichpaneele an W\u00e4nden und Decke sorgen ganzj\u00e4hrig f\u00fcr hervorragende W\u00e4rme- und Schalld\u00e4mmung. Hygienische Innenverkleidungen und ein pflegeleichter Bodenbelag garantieren dar\u00fcber hinaus eine lange Lebensdauer und einfache Reinigung im t\u00e4glichen Gebrauch.<\/p>\n<p class=\"\" data-start=\"2472\" data-end=\"2659\">Durch das leichte, mobile Design kann der Container schnell an jeden Standort in Alanya und Umgebung geliefert und montiert werden \u2013 f\u00fcr eine sofortige Einsatzbereitschaft Ihrer Projekte.<\/p>\n<h3 class=\"\" data-start=\"2661\" data-end=\"2682\">Innenausstattung:<\/h3>\n<ul data-start=\"2683\" data-end=\"2834\">\n<li class=\"\" data-start=\"2683\" data-end=\"2719\">\n<p class=\"\" data-start=\"2685\" data-end=\"2719\">4 separate WC- und Duschbereiche<\/p>\n<\/li>\n<li class=\"\" data-start=\"2720\" data-end=\"2776\">\n<p class=\"\" data-start=\"2722\" data-end=\"2776\">Hygienische, leicht zu reinigende Innenverkleidungen<\/p>\n<\/li>\n<li class=\"\" data-start=\"2777\" data-end=\"2834\">\n<p class=\"\" data-start=\"2779\" data-end=\"2834\">Wasser- und starkem Gebrauch widerstandsf\u00e4higer Boden<\/p>\n<\/li>\n<\/ul>\n<p class=\"\" data-start=\"2836\" data-end=\"3057\">Wenn Sie f\u00fcr stark frequentierte Einsatzorte eine zuverl\u00e4ssige, hygienische und praktische L\u00f6sung suchen, ist unser Modell K-4 genau das Richtige. Kontaktieren Sie uns f\u00fcr individuelle L\u00f6sungen in Alanya und der Umgebung.<\/p>\n","protected":false},"featured_media":507,"comment_status":"open","ping_status":"closed","template":"","meta":{"_joinchat":[]},"product_brand":[],"product_cat":[57],"product_tag":[],"class_list":{"0":"post-779","1":"product","2":"type-product","3":"status-publish","4":"has-post-thumbnail","6":"product_cat-wc-dusch-und-sicherheitskabinen","8":"first","9":"instock","10":"shipping-taxable","11":"product-type-simple"},"_links":{"self":[{"href":"https:\/\/alanyakonteyner.com\/de\/wp-json\/wp\/v2\/product\/779","targetHints":{"allow":["GET"]}}],"collection":[{"href":"https:\/\/alanyakonteyner.com\/de\/wp-json\/wp\/v2\/product"}],"about":[{"href":"https:\/\/alanyakonteyner.com\/de\/wp-json\/wp\/v2\/types\/product"}],"replies":[{"embeddable":true,"href":"https:\/\/alanyakonteyner.com\/de\/wp-json\/wp\/v2\/comments?post=779"}],"wp:featuredmedia":[{"embeddable":true,"href":"https:\/\/alanyakonteyner.com\/de\/wp-json\/wp\/v2\/media\/507"}],"wp:attachment":[{"href":"https:\/\/alanyakonteyner.com\/de\/wp-json\/wp\/v2\/media?parent=779"}],"wp:term":[{"taxonomy":"product_brand","embeddable":true,"href":"https:\/\/alanyakonteyner.com\/de\/wp-json\/wp\/v2\/product_brand?post=779"},{"taxonomy":"product_cat","embeddable":true,"href":"https:\/\/alanyakonteyner.com\/de\/wp-json\/wp\/v2\/product_cat?post=779"},{"taxonomy":"product_tag","embeddable":true,"href":"https:\/\/alanyakonteyner.com\/de\/wp-json\/wp\/v2\/product_tag?post=779"}],"curies":[{"name":"wp","href":"https:\/\/api.w.org\/{rel}","templated":true}]}}