{"id":784,"date":"2025-04-15T21:48:51","date_gmt":"2025-04-15T21:48:51","guid":{"rendered":"https:\/\/alanyakonteyner.com\/k-1-tekli-wc-dus-konteyner\/"},"modified":"2025-05-12T15:23:10","modified_gmt":"2025-05-12T15:23:10","slug":"k-1-einzel-wc-dusche-container","status":"publish","type":"product","link":"https:\/\/alanyakonteyner.com\/de\/k-1-einzel-wc-dusche-container\/","title":{"rendered":"K-1 Einzel-WC-Dusche-Container"},"content":{"rendered":"","protected":false},"excerpt":{"rendered":"<h2 data-start=\"1400\" data-end=\"1453\">K-1 Einzel-WC-Dusche-Container \u2013 Alanya Konteyner<\/h2>\n<p class=\"\" data-start=\"1455\" data-end=\"1667\">Bei Alanya Konteyner haben wir das Modell K-1 speziell f\u00fcr den individuellen Gebrauch konzipiert. Mit seiner kompakten Bauweise und praktischen Handhabung ist es die ideale L\u00f6sung f\u00fcr kleine Hygieneanforderungen.<\/p>\n<p class=\"\" data-start=\"1669\" data-end=\"1983\">Dieses Modell mit einer separaten WC- und Duschkabine ist eine komfortable und wirtschaftliche Wahl f\u00fcr kleine Baustellen, soziale Einrichtungen, den privaten Gebrauch oder Veranstaltungen im Freien. Durch das leichte, transportable Design l\u00e4sst sich der Container einfach bewegen und schnell vor Ort installieren.<\/p>\n<p class=\"\" data-start=\"1985\" data-end=\"2229\">Dank hochwertiger Sandwichpaneele an W\u00e4nden und Decke bietet der Container ganzj\u00e4hrig hervorragende W\u00e4rme- und Schalld\u00e4mmung. Die hygienischen Oberfl\u00e4chen lassen sich leicht reinigen, und der wasserfeste Boden sorgt f\u00fcr eine langlebige Nutzung.<\/p>\n<h3 class=\"\" data-start=\"2231\" data-end=\"2252\">Innenausstattung:<\/h3>\n<ul data-start=\"2253\" data-end=\"2367\">\n<li class=\"\" data-start=\"2253\" data-end=\"2289\">\n<p class=\"\" data-start=\"2255\" data-end=\"2289\">1 separater WC- und Duschbereich<\/p>\n<\/li>\n<li class=\"\" data-start=\"2290\" data-end=\"2339\">\n<p class=\"\" data-start=\"2292\" data-end=\"2339\">Hygienische, leicht zu reinigende Oberfl\u00e4chen<\/p>\n<\/li>\n<li class=\"\" data-start=\"2340\" data-end=\"2367\">\n<p class=\"\" data-start=\"2342\" data-end=\"2367\">Wasserfester Bodenbelag<\/p>\n<\/li>\n<\/ul>\n<p class=\"\" data-start=\"2369\" data-end=\"2594\">Wenn Sie im Raum Alanya eine kosteng\u00fcnstige, funktionale und hygienische Containerl\u00f6sung suchen, ist unser K-1 Modell genau das Richtige. Kontaktieren Sie uns \u2013 wir finden gemeinsam die passende L\u00f6sung f\u00fcr Ihre Anforderungen.<\/p>\n","protected":false},"featured_media":495,"comment_status":"open","ping_status":"closed","template":"","meta":{"_joinchat":[]},"product_brand":[],"product_cat":[57],"product_tag":[],"class_list":{"0":"post-784","1":"product","2":"type-product","3":"status-publish","4":"has-post-thumbnail","6":"product_cat-wc-dusch-und-sicherheitskabinen","8":"first","9":"instock","10":"shipping-taxable","11":"product-type-simple"},"_links":{"self":[{"href":"https:\/\/alanyakonteyner.com\/de\/wp-json\/wp\/v2\/product\/784","targetHints":{"allow":["GET"]}}],"collection":[{"href":"https:\/\/alanyakonteyner.com\/de\/wp-json\/wp\/v2\/product"}],"about":[{"href":"https:\/\/alanyakonteyner.com\/de\/wp-json\/wp\/v2\/types\/product"}],"replies":[{"embeddable":true,"href":"https:\/\/alanyakonteyner.com\/de\/wp-json\/wp\/v2\/comments?post=784"}],"wp:featuredmedia":[{"embeddable":true,"href":"https:\/\/alanyakonteyner.com\/de\/wp-json\/wp\/v2\/media\/495"}],"wp:attachment":[{"href":"https:\/\/alanyakonteyner.com\/de\/wp-json\/wp\/v2\/media?parent=784"}],"wp:term":[{"taxonomy":"product_brand","embeddable":true,"href":"https:\/\/alanyakonteyner.com\/de\/wp-json\/wp\/v2\/product_brand?post=784"},{"taxonomy":"product_cat","embeddable":true,"href":"https:\/\/alanyakonteyner.com\/de\/wp-json\/wp\/v2\/product_cat?post=784"},{"taxonomy":"product_tag","embeddable":true,"href":"https:\/\/alanyakonteyner.com\/de\/wp-json\/wp\/v2\/product_tag?post=784"}],"curies":[{"name":"wp","href":"https:\/\/api.w.org\/{rel}","templated":true}]}}