{"id":682,"date":"2025-05-05T19:50:46","date_gmt":"2025-05-05T19:50:46","guid":{"rendered":"https:\/\/alanyakonteyner.com\/services\/ozel-yasam-alani-kurulumu\/"},"modified":"2025-05-11T20:54:37","modified_gmt":"2025-05-11T20:54:37","slug":"custom-living-space-installation","status":"publish","type":"page","link":"https:\/\/alanyakonteyner.com\/en\/services\/custom-living-space-installation\/","title":{"rendered":"Custom Living Space Installation"},"content":{"rendered":"\n\n\t<section class=\"section\" id=\"section_1420095786\">\n\t\t<div class=\"section-bg fill\" >\n\t\t\t\t\t\t\t\t\t\n\t\t\t\n\n\t\t<\/div>\n\n\t\t\n\n\t\t<div class=\"section-content relative\">\n\t\t\t\n\n\n  <div class=\"banner has-hover has-parallax\" id=\"banner-1174368586\">\n          <div class=\"banner-inner fill\">\n        <div class=\"banner-bg fill\" data-parallax=\"-7\" data-parallax-container=\".banner\" data-parallax-background>\n            <img loading=\"lazy\" decoding=\"async\" width=\"1750\" height=\"1080\" src=\"https:\/\/alanyakonteyner.com\/wp-content\/uploads\/2025\/05\/Ozel-Yasam-Alani-Kurulumu-Alanya-Konteyner.webp\" class=\"bg attachment-original size-original\" alt=\"\u00d6zel Ya\u015fam Alan\u0131 Kurulumu - Alanya Konteyner\" \/>                        <div class=\"overlay\"><\/div>            \n                    <\/div>\n\t\t\n        <div class=\"banner-layers container\">\n            <div class=\"fill banner-link\"><\/div>            \n\n   <div id=\"text-box-851598550\" class=\"text-box banner-layer x50 md-x50 lg-x50 y50 md-y50 lg-y50 res-text\">\n                                <div class=\"text-box-content text dark\">\n              \n              <div class=\"text-inner text-center\">\n                  \n\n<h1>Custom Living Space Installation<\/h1>\n\n\n\n<nav aria-label=\"breadcrumbs\" class=\"rank-math-breadcrumb\"><p><\/p><\/nav>\n\n\n              <\/div>\n           <\/div>\n                            \n<style>\n#text-box-851598550 {\n  width: 98%;\n}\n#text-box-851598550 .text-box-content {\n  font-size: 100%;\n}\n@media (min-width:850px) {\n  #text-box-851598550 {\n    width: 88%;\n  }\n}\n<\/style>\n    <\/div>\n \n\n        <\/div>\n      <\/div>\n\n            \n<style>\n#banner-1174368586 {\n  padding-top: 203px;\n}\n#banner-1174368586 .overlay {\n  background-color: rgba(0,0,0,.5);\n}\n#banner-1174368586 .banner-bg img {\n  object-position: 58% 69%;\n}\n@media (min-width:550px) {\n  #banner-1174368586 {\n    padding-top: 383px;\n  }\n}\n@media (min-width:850px) {\n  #banner-1174368586 {\n    padding-top: 500px;\n  }\n}\n<\/style>\n  <\/div>\n\n\n\n\t\t<\/div>\n\n\t\t\n<style>\n#section_1420095786 {\n  padding-top: 0px;\n  padding-bottom: 0px;\n}\n<\/style>\n\t<\/section>\n\t\n\n\t<section class=\"section\" id=\"section_142275211\">\n\t\t<div class=\"section-bg fill\" >\n\t\t\t\t\t\t\t\t\t\n\t\t\t\n\n\t\t<\/div>\n\n\t\t\n\n\t\t<div class=\"section-content relative\">\n\t\t\t\n\n<div class=\"row\"  id=\"row-43778131\">\n\n\n\t<div id=\"col-1606271579\" class=\"col small-12 large-12\"  >\n\t\t\t\t<div class=\"col-inner\"  >\n\t\t\t\n\t\t\t\n\n<p class=\"\" data-start=\"147\" data-end=\"572\">We don\u2019t limit your dream living space to standard models; we create solutions tailored to your style, expectations, and intended use. From stone house appearances to wooden cladding, from modern lines to rustic tiny house designs\u2014we bring a variety of options to life for you. Whether it&#8217;s a compact single-room unit or a multi-section living container, every structure is planned and produced according to your preferences.<\/p>\n<p class=\"\" data-start=\"574\" data-end=\"1053\">Whether you&#8217;re envisioning a home, guesthouse, summer retreat, or a nature-surrounded escape, we create living spaces that combine aesthetics and functionality. With highly insulated sandwich panel systems, quality interior fittings, and portable structure solutions, we offer not only comfort but also a sustainable lifestyle. For anyone in Alanya and the surrounding regions looking to design their own living space, we\u2019re here with safe, aesthetic, and long-lasting solutions.<\/p>\n\n\t\t<\/div>\n\t\t\t\t\t<\/div>\n\n\t\n\n<\/div>\n\n\t\t<\/div>\n\n\t\t\n<style>\n#section_142275211 {\n  padding-top: 30px;\n  padding-bottom: 30px;\n}\n<\/style>\n\t<\/section>\n\t\n\n","protected":false},"excerpt":{"rendered":"","protected":false},"author":2,"featured_media":622,"parent":664,"menu_order":2,"comment_status":"closed","ping_status":"closed","template":"page-blank.php","meta":{"_joinchat":[],"footnotes":""},"class_list":["post-682","page","type-page","status-publish","has-post-thumbnail","hentry"],"_links":{"self":[{"href":"https:\/\/alanyakonteyner.com\/en\/wp-json\/wp\/v2\/pages\/682","targetHints":{"allow":["GET"]}}],"collection":[{"href":"https:\/\/alanyakonteyner.com\/en\/wp-json\/wp\/v2\/pages"}],"about":[{"href":"https:\/\/alanyakonteyner.com\/en\/wp-json\/wp\/v2\/types\/page"}],"author":[{"embeddable":true,"href":"https:\/\/alanyakonteyner.com\/en\/wp-json\/wp\/v2\/users\/2"}],"replies":[{"embeddable":true,"href":"https:\/\/alanyakonteyner.com\/en\/wp-json\/wp\/v2\/comments?post=682"}],"version-history":[{"count":2,"href":"https:\/\/alanyakonteyner.com\/en\/wp-json\/wp\/v2\/pages\/682\/revisions"}],"predecessor-version":[{"id":685,"href":"https:\/\/alanyakonteyner.com\/en\/wp-json\/wp\/v2\/pages\/682\/revisions\/685"}],"up":[{"embeddable":true,"href":"https:\/\/alanyakonteyner.com\/en\/wp-json\/wp\/v2\/pages\/664"}],"wp:featuredmedia":[{"embeddable":true,"href":"https:\/\/alanyakonteyner.com\/en\/wp-json\/wp\/v2\/media\/622"}],"wp:attachment":[{"href":"https:\/\/alanyakonteyner.com\/en\/wp-json\/wp\/v2\/media?parent=682"}],"curies":[{"name":"wp","href":"https:\/\/api.w.org\/{rel}","templated":true}]}}