{"id":698,"date":"2025-05-05T19:48:41","date_gmt":"2025-05-05T19:48:41","guid":{"rendered":"https:\/\/alanyakonteyner.com\/services\/satis-sonrasi-destek\/"},"modified":"2025-05-11T21:05:35","modified_gmt":"2025-05-11T21:05:35","slug":"after-sales-support","status":"publish","type":"page","link":"https:\/\/alanyakonteyner.com\/en\/services\/after-sales-support\/","title":{"rendered":"After-Sales Support"},"content":{"rendered":"\n\n\t<section class=\"section\" id=\"section_2040322592\">\n\t\t<div class=\"section-bg fill\" >\n\t\t\t\t\t\t\t\t\t\n\t\t\t\n\n\t\t<\/div>\n\n\t\t\n\n\t\t<div class=\"section-content relative\">\n\t\t\t\n\n\n  <div class=\"banner has-hover has-parallax\" id=\"banner-2106969548\">\n          <div class=\"banner-inner fill\">\n        <div class=\"banner-bg fill\" data-parallax=\"-7\" data-parallax-container=\".banner\" data-parallax-background>\n            <img loading=\"lazy\" decoding=\"async\" width=\"1750\" height=\"1080\" src=\"https:\/\/alanyakonteyner.com\/wp-content\/uploads\/2025\/05\/Satis-Sonrasi-Destek-Alanya-Konteyner.webp\" class=\"bg attachment-original size-original\" alt=\"Sat\u0131\u015f Sonras\u0131 Destek - Alanya Konteyner\" \/>                        <div class=\"overlay\"><\/div>            \n                    <\/div>\n\t\t\n        <div class=\"banner-layers container\">\n            <div class=\"fill banner-link\"><\/div>            \n\n   <div id=\"text-box-1037558677\" class=\"text-box banner-layer x50 md-x50 lg-x50 y50 md-y50 lg-y50 res-text\">\n                                <div class=\"text-box-content text dark\">\n              \n              <div class=\"text-inner text-center\">\n                  \n\n<h1>After-Sales Support<\/h1>\n\n\n\n<nav aria-label=\"breadcrumbs\" class=\"rank-math-breadcrumb\"><p><\/p><\/nav>\n\n\n              <\/div>\n           <\/div>\n                            \n<style>\n#text-box-1037558677 {\n  width: 98%;\n}\n#text-box-1037558677 .text-box-content {\n  font-size: 100%;\n}\n@media (min-width:850px) {\n  #text-box-1037558677 {\n    width: 88%;\n  }\n}\n<\/style>\n    <\/div>\n \n\n        <\/div>\n      <\/div>\n\n            \n<style>\n#banner-2106969548 {\n  padding-top: 203px;\n}\n#banner-2106969548 .overlay {\n  background-color: rgba(0,0,0,.5);\n}\n#banner-2106969548 .banner-bg img {\n  object-position: 50% 86%;\n}\n@media (min-width:550px) {\n  #banner-2106969548 {\n    padding-top: 383px;\n  }\n}\n@media (min-width:850px) {\n  #banner-2106969548 {\n    padding-top: 500px;\n  }\n}\n<\/style>\n  <\/div>\n\n\n\n\t\t<\/div>\n\n\t\t\n<style>\n#section_2040322592 {\n  padding-top: 0px;\n  padding-bottom: 0px;\n}\n<\/style>\n\t<\/section>\n\t\n\n\t<section class=\"section\" id=\"section_2029561461\">\n\t\t<div class=\"section-bg fill\" >\n\t\t\t\t\t\t\t\t\t\n\t\t\t\n\n\t\t<\/div>\n\n\t\t\n\n\t\t<div class=\"section-content relative\">\n\t\t\t\n\n<div class=\"row\"  id=\"row-1895362107\">\n\n\n\t<div id=\"col-1148687078\" class=\"col small-12 large-12\"  >\n\t\t\t\t<div class=\"col-inner\"  >\n\t\t\t\n\t\t\t\n\n<p class=\"\" data-start=\"129\" data-end=\"470\">At Alanya Konteyner, we value the after-sales process just as much as the moment of purchase. We continue to stand by our customers to ensure the products we deliver can be used safely and efficiently for many years. We provide full support in all post-installation needs such as maintenance, repairs, relocations, and technical consultancy.<\/p>\n<p class=\"\" data-start=\"472\" data-end=\"793\">Our responsive team offers uninterrupted service with quick intervention, spare part supply, and on-site problem-solving capabilities. Our goal is not just to deliver a product, but to ensure long-term customer satisfaction. Every container you purchase from us comes with the assurance of our committed service approach.<\/p>\n\n\t\t<\/div>\n\t\t\t\t\t<\/div>\n\n\t\n\n<\/div>\n\n\t\t<\/div>\n\n\t\t\n<style>\n#section_2029561461 {\n  padding-top: 30px;\n  padding-bottom: 30px;\n}\n<\/style>\n\t<\/section>\n\t\n\n","protected":false},"excerpt":{"rendered":"","protected":false},"author":2,"featured_media":628,"parent":664,"menu_order":5,"comment_status":"closed","ping_status":"closed","template":"page-blank.php","meta":{"_joinchat":[],"footnotes":""},"class_list":["post-698","page","type-page","status-publish","has-post-thumbnail","hentry"],"_links":{"self":[{"href":"https:\/\/alanyakonteyner.com\/en\/wp-json\/wp\/v2\/pages\/698","targetHints":{"allow":["GET"]}}],"collection":[{"href":"https:\/\/alanyakonteyner.com\/en\/wp-json\/wp\/v2\/pages"}],"about":[{"href":"https:\/\/alanyakonteyner.com\/en\/wp-json\/wp\/v2\/types\/page"}],"author":[{"embeddable":true,"href":"https:\/\/alanyakonteyner.com\/en\/wp-json\/wp\/v2\/users\/2"}],"replies":[{"embeddable":true,"href":"https:\/\/alanyakonteyner.com\/en\/wp-json\/wp\/v2\/comments?post=698"}],"version-history":[{"count":2,"href":"https:\/\/alanyakonteyner.com\/en\/wp-json\/wp\/v2\/pages\/698\/revisions"}],"predecessor-version":[{"id":701,"href":"https:\/\/alanyakonteyner.com\/en\/wp-json\/wp\/v2\/pages\/698\/revisions\/701"}],"up":[{"embeddable":true,"href":"https:\/\/alanyakonteyner.com\/en\/wp-json\/wp\/v2\/pages\/664"}],"wp:featuredmedia":[{"embeddable":true,"href":"https:\/\/alanyakonteyner.com\/en\/wp-json\/wp\/v2\/media\/628"}],"wp:attachment":[{"href":"https:\/\/alanyakonteyner.com\/en\/wp-json\/wp\/v2\/media?parent=698"}],"curies":[{"name":"wp","href":"https:\/\/api.w.org\/{rel}","templated":true}]}}